{"id":16,"date":"2016-07-25T20:35:39","date_gmt":"2016-07-25T18:35:39","guid":{"rendered":"http:\/\/filipino-german-mission.de\/?page_id=16"},"modified":"2024-02-23T14:08:46","modified_gmt":"2024-02-23T13:08:46","slug":"ueber-uns","status":"publish","type":"page","link":"https:\/\/filipino-german-mission.de\/index.php\/ueber-uns\/","title":{"rendered":"\u00dcber uns &#8230;"},"content":{"rendered":"<h3><span style=\"color: #008000;\">Wir sind ein kleiner Verein<\/span>,<\/h3>\n<p>der inzwischen auf ca. 20 Personen gewachsen ist.<\/p>\n<p>Wir freuen uns auf jeden, der mit uns mitarbeiten m\u00f6chte und weitere Projekte mit uns teilen will.<\/p>\n<p>Danke an alle, die uns schon jahrelang tatkr\u00e4ftig unterst\u00fctzen.<\/p>\n<p>Bibel, Markus 6:41<\/p>\n<p>&#8222;Und Jesus nahm die f\u00fcnf Brote und zwei<strong> Fische<\/strong> und sah auf zum Himmel, dankte und brach die Brote und gab sie den J\u00fcngern, dass sie sie ihnen austeilten. Und die zwei Fische teilte er unter sie alle. Und sie a\u00dfen alle und wurden satt. Und sie sammelten die Brocken auf, zw\u00f6lf K\u00f6rbe voll und von den Fischen. Und die die Brote gegessen hatten, waren f\u00fcnftausend M\u00e4nner.&#8220;<\/p>\n<p>Mit dem Wenigen was wir haben kann Gott Gro\u00dfes bewirken!<\/p>\n<p>Unseren Glauben an Jesus Christus mit guten Taten verbinden ist unser Ziel.<\/p>\n<p><strong>Drei wichtige Punkte aus unserer Satzung lauten:<\/strong><\/p>\n<p>&#8211; F\u00f6rderung der <strong>Entwicklungshilfe<\/strong> und Entwicklungszusammenarbeit mit dem Ziel der Verbesserung der Lebensbedingungen, der Bildung und der Bildungschancen von mittellosen Kindern auf den Philippinen.<\/p>\n<p>&#8211; Durchf\u00fchrung und F\u00f6rderung von Programmen, Aktionen und Ma\u00dfnahmen, die unmittelbar zu einer <strong>Verbesserung der Lebensbedingungen<\/strong> und der Bildung von mittellosen Kindern auf den Philippinen beitragen. Dazu geh\u00f6rt u.a. die Durchf\u00fchrung und F\u00f6rderung medizinischer Eins\u00e4tze, Sammlung, Transport und Verteilung von Hilfsg\u00fctern (z.B. Kleider, Medikamente, Nahrungsmittel), die F\u00f6rderung und Unterst\u00fctzung von Hilfsma\u00dfnahmen im Rahmen von <strong>Katastropheneins\u00e4tzen<\/strong>; die F\u00f6rderung und Unterst\u00fctzung von Schulen, Ausbildungsst\u00e4tten, Hilfseinrichtungen und anderen, dem Zwecke dienenden Institutionen und Initiativen<\/p>\n<p>&#8211; Den Aufbau und die Unterst\u00fctzung von <strong>Schutzeinrichtungen<\/strong> f\u00fcr mittellose Kinder und Stra\u00dfenkinder und hilfsbed\u00fcrftigen alten Menschen auf den Philippinen zu f\u00f6rdern.<\/p>\n","protected":false},"excerpt":{"rendered":"<p>Wir sind ein kleiner Verein, der inzwischen auf ca. 20 Personen gewachsen ist. Wir freuen uns auf jeden, der mit uns mitarbeiten m\u00f6chte und weitere Projekte mit uns teilen will. Danke an alle, die uns schon jahrelang tatkr\u00e4ftig unterst\u00fctzen. Bibel, Markus 6:41 &#8222;Und Jesus nahm die f\u00fcnf Brote und zwei Fische und sah auf zum &hellip; <a href=\"https:\/\/filipino-german-mission.de\/index.php\/ueber-uns\/\" class=\"more-link\"><span class=\"screen-reader-text\">\u00dcber uns &#8230;<\/span> weiterlesen <span class=\"meta-nav\">&rarr;<\/span><\/a><\/p>\n","protected":false},"author":1,"featured_media":435,"parent":0,"menu_order":0,"comment_status":"closed","ping_status":"closed","template":"","meta":{"footnotes":""},"class_list":["post-16","page","type-page","status-publish","has-post-thumbnail","hentry"],"_links":{"self":[{"href":"https:\/\/filipino-german-mission.de\/index.php\/wp-json\/wp\/v2\/pages\/16","targetHints":{"allow":["GET"]}}],"collection":[{"href":"https:\/\/filipino-german-mission.de\/index.php\/wp-json\/wp\/v2\/pages"}],"about":[{"href":"https:\/\/filipino-german-mission.de\/index.php\/wp-json\/wp\/v2\/types\/page"}],"author":[{"embeddable":true,"href":"https:\/\/filipino-german-mission.de\/index.php\/wp-json\/wp\/v2\/users\/1"}],"replies":[{"embeddable":true,"href":"https:\/\/filipino-german-mission.de\/index.php\/wp-json\/wp\/v2\/comments?post=16"}],"version-history":[{"count":17,"href":"https:\/\/filipino-german-mission.de\/index.php\/wp-json\/wp\/v2\/pages\/16\/revisions"}],"predecessor-version":[{"id":494,"href":"https:\/\/filipino-german-mission.de\/index.php\/wp-json\/wp\/v2\/pages\/16\/revisions\/494"}],"wp:featuredmedia":[{"embeddable":true,"href":"https:\/\/filipino-german-mission.de\/index.php\/wp-json\/wp\/v2\/media\/435"}],"wp:attachment":[{"href":"https:\/\/filipino-german-mission.de\/index.php\/wp-json\/wp\/v2\/media?parent=16"}],"curies":[{"name":"wp","href":"https:\/\/api.w.org\/{rel}","templated":true}]}}