{"id":90,"date":"2018-07-18T14:45:42","date_gmt":"2018-07-18T12:45:42","guid":{"rendered":"http:\/\/filipino-german-mission.de\/?page_id=90"},"modified":"2024-02-22T20:30:49","modified_gmt":"2024-02-22T19:30:49","slug":"datenschutzerklaerung","status":"publish","type":"page","link":"https:\/\/filipino-german-mission.de\/index.php\/datenschutzerklaerung\/","title":{"rendered":"Datenschutzerkl\u00e4rung"},"content":{"rendered":"<p>Der Verein Filipino-German-Mission e.V. verarbeitet personenbezogene Daten z.B. im Rahmen der Vereinsverwaltung oder \u00d6ffentlichkeitsarbeit des Vereins. Um die Vorgaben der EU-Datenschutz-Grundverordnung und des Bundesdatenschutzgesetzes zu erf\u00fcllen, Datenschutzverst\u00f6\u00dfe zu vermeiden und einen einheitlichen Umgang mit personenbezogenen Daten innerhalb des Vereins zu gew\u00e4hrleisten, gibt sich der Verein die nachfolgende Datenschutzordnung.<\/p>\n<p>\u00a7 1 Allgemeines<\/p>\n<p>Der Verein verarbeitet personenbezogene Daten u.a. von Mitgliedern sowohl automatisiert in EDV-Anlagen als auch nicht automatisiert in einem Dateisystem, z.B. in Form von ausgedruckten Listen. In all diesen F\u00e4llen ist die EU-Datenschutz-Grundverordnung, das Bundesdatenschutzgesetz und diese Datenschutzordnung durch alle Personen im Verein, die personenbezogene Daten verarbeiten, zu beachten.<\/p>\n<p>\u00a7 2 Verarbeitung personenbezogener Daten der Mitglieder<\/p>\n<p>Im Rahmen des Mitgliedschaftsverh\u00e4ltnisses verarbeitet der Verein insbesondere die folgenden Daten der Mitglieder: Geschlecht, Vorname, Nachname, Anschrift (Stra\u00dfe, Hausnummer, Postleitzahl, Ort), Geburtsdatum, Datum des Vereinsbeitritts, Bankverbindung, Telefonnummern und E-Mail Adressen.<\/p>\n<p>Macht ein Mitglied glaubhaft, dass es eine Mitgliederliste zur Wahrnehmung satzungsgem\u00e4\u00dfer oder gesetzlicher Rechte ben\u00f6tigt (z.B. um die Einberufung einer Mitgliederversammlung im Rahmen des Minderheitenbegehrens zu beantragen), stellt der Vorstand eine Kopie der Mitgliederliste mit Vornamen, Nachnamen und Anschrift als Ausdruck oder als Datei zur Verf\u00fcgung. Das Mitglied, welches das Minderheitenbegehren initiiert, hat vorher eine Versicherung abzugeben, dass diese Daten ausschlie\u00dflich f\u00fcr diesen Zweck verwendet und nach der Verwendung vernichtet werden.<\/p>\n<p>\u00a7 3 Zust\u00e4ndigkeiten f\u00fcr die Datenverarbeitung im Verein<\/p>\n<p>Verantwortlich f\u00fcr die Einhaltung der datenschutzrechtlichen Vorgaben ist der Vorstand. Funktional und besonders f\u00fcr die Betreuung der Webseite wird die Aufgabe dem Datenschutzbeauftragten \u00fcbertragen, der vom Vorstand benannt wird.\u00a0Alle Mitarbeiterinnen und Mitarbeiter im Verein, die Umgang mit personenbezogenen Daten\u00a0haben (speziell die Mitglieder des Vorstands), sind auf den vertraulichen Umgang mit personenbezogenen\u00a0Daten zu verpflichten.<\/p>\n<p>Der Datenschutzbeauftragter ist<\/p>\n<p>Matthias Ruf, Graben\u00e4ckerstrasse 7, 73760 Ostfildern, Tel. 015233603827 , E-Mail: rufmj(a)gmx.de<\/p>\n<p>Hinweis zu dieser Internetseite:<\/p>\n<h3><em><strong>Cookies<\/strong><\/em><\/h3>\n<p>Diese Internetseite verwendet teilweise so genannte Cookies. Cookies richten auf Ihrem Rechner keinen Schaden an und enthalten keine Viren. Cookies dienen dazu, unser Angebot nutzerfreundlicher, effektiver und sicherer zu machen. Cookies sind kleine Textdateien, die auf Ihrem Rechner abgelegt werden und die Ihr Browser speichert.<\/p>\n<p>Die meisten der von uns verwendeten Cookies sind so genannte \u201eSession-Cookies\u201c. Sie werden nach Ende Ihres Besuchs automatisch gel\u00f6scht.<\/p>\n<h3><em><strong>Mitgliedsantr\u00e4ge<\/strong><\/em><\/h3>\n<p>Bitte den PDF-Aufnahmeantrag \u00f6ffnen, ausdrucken, erg\u00e4nzen und bei Bedarf per Post einsenden. Es werden keine Mitgliedsdaten \u00fcber ein Webseitenformular erhoben.<\/p>\n","protected":false},"excerpt":{"rendered":"<p>Der Verein Filipino-German-Mission e.V. verarbeitet personenbezogene Daten z.B. im Rahmen der Vereinsverwaltung oder \u00d6ffentlichkeitsarbeit des Vereins. Um die Vorgaben der EU-Datenschutz-Grundverordnung und des Bundesdatenschutzgesetzes zu erf\u00fcllen, Datenschutzverst\u00f6\u00dfe zu vermeiden und einen einheitlichen Umgang mit personenbezogenen Daten innerhalb des Vereins zu gew\u00e4hrleisten, gibt sich der Verein die nachfolgende Datenschutzordnung. \u00a7 1 Allgemeines Der Verein verarbeitet personenbezogene &hellip; <a href=\"https:\/\/filipino-german-mission.de\/index.php\/datenschutzerklaerung\/\" class=\"more-link\"><span class=\"screen-reader-text\">Datenschutzerkl\u00e4rung<\/span> weiterlesen <span class=\"meta-nav\">&rarr;<\/span><\/a><\/p>\n","protected":false},"author":1,"featured_media":233,"parent":0,"menu_order":7,"comment_status":"closed","ping_status":"closed","template":"","meta":{"footnotes":""},"class_list":["post-90","page","type-page","status-publish","has-post-thumbnail","hentry"],"_links":{"self":[{"href":"https:\/\/filipino-german-mission.de\/index.php\/wp-json\/wp\/v2\/pages\/90","targetHints":{"allow":["GET"]}}],"collection":[{"href":"https:\/\/filipino-german-mission.de\/index.php\/wp-json\/wp\/v2\/pages"}],"about":[{"href":"https:\/\/filipino-german-mission.de\/index.php\/wp-json\/wp\/v2\/types\/page"}],"author":[{"embeddable":true,"href":"https:\/\/filipino-german-mission.de\/index.php\/wp-json\/wp\/v2\/users\/1"}],"replies":[{"embeddable":true,"href":"https:\/\/filipino-german-mission.de\/index.php\/wp-json\/wp\/v2\/comments?post=90"}],"version-history":[{"count":7,"href":"https:\/\/filipino-german-mission.de\/index.php\/wp-json\/wp\/v2\/pages\/90\/revisions"}],"predecessor-version":[{"id":98,"href":"https:\/\/filipino-german-mission.de\/index.php\/wp-json\/wp\/v2\/pages\/90\/revisions\/98"}],"wp:featuredmedia":[{"embeddable":true,"href":"https:\/\/filipino-german-mission.de\/index.php\/wp-json\/wp\/v2\/media\/233"}],"wp:attachment":[{"href":"https:\/\/filipino-german-mission.de\/index.php\/wp-json\/wp\/v2\/media?parent=90"}],"curies":[{"name":"wp","href":"https:\/\/api.w.org\/{rel}","templated":true}]}}